{"id":13,"date":"2012-01-11T20:56:17","date_gmt":"2012-01-11T20:56:17","guid":{"rendered":"http:\/\/caritasavolainen.com\/?page_id=13"},"modified":"2022-06-15T11:41:07","modified_gmt":"2022-06-15T11:41:07","slug":"paintings","status":"publish","type":"page","link":"http:\/\/caritasavolainen.com\/?page_id=13","title":{"rendered":"<!--:en-->Landscape \/ Song of the Trees  <!--:--><!--:fr-->Paysage \/ Air de l&#8217;Arbre <!--:--><!--:fi-->Maisema \/ Puun laulu<!--:-->"},"content":{"rendered":"\n<figure class=\"wp-block-image size-large is-resized\"><a href=\"http:\/\/caritasavolainen.com\/wp-content\/uploads\/2022\/06\/Carita-Savolainen-Landscape-is-Singing-Sink-IV-oil-178cm-x-119cm-2022-scaled.jpg\"><img loading=\"lazy\" decoding=\"async\" src=\"http:\/\/caritasavolainen.com\/wp-content\/uploads\/2022\/06\/Carita-Savolainen-Landscape-is-Singing-Sink-IV-oil-178cm-x-119cm-2022-970x1024.jpg\" alt=\"\" class=\"wp-image-1122\" width=\"352\" height=\"372\" srcset=\"http:\/\/caritasavolainen.com\/wp-content\/uploads\/2022\/06\/Carita-Savolainen-Landscape-is-Singing-Sink-IV-oil-178cm-x-119cm-2022-970x1024.jpg 970w, http:\/\/caritasavolainen.com\/wp-content\/uploads\/2022\/06\/Carita-Savolainen-Landscape-is-Singing-Sink-IV-oil-178cm-x-119cm-2022-284x300.jpg 284w, http:\/\/caritasavolainen.com\/wp-content\/uploads\/2022\/06\/Carita-Savolainen-Landscape-is-Singing-Sink-IV-oil-178cm-x-119cm-2022-768x811.jpg 768w, http:\/\/caritasavolainen.com\/wp-content\/uploads\/2022\/06\/Carita-Savolainen-Landscape-is-Singing-Sink-IV-oil-178cm-x-119cm-2022-1454x1536.jpg 1454w, http:\/\/caritasavolainen.com\/wp-content\/uploads\/2022\/06\/Carita-Savolainen-Landscape-is-Singing-Sink-IV-oil-178cm-x-119cm-2022-1939x2048.jpg 1939w\" sizes=\"auto, (max-width: 352px) 100vw, 352px\" \/><\/a><figcaption>Carita Savolainen, Salt Rain (That Bloody Pond ) X, oil 178cm x 119cm, 2022 <\/figcaption><\/figure>\n\n\n<p><!--:en-->&nbsp; ngg_shortcode_0_placeholder<\/p>\n<p>In my paintings I presently work on the perception of the possibility of several simultaneous realities.<\/p>\n<p><!--:--><!--:fr-->&nbsp;ngg_shortcode_1_placeholder<\/p>\n<p>Actuellement en peinture je travaille sur la perception de plusieurs r\u00e9alit\u00e9s simultan\u00e9es possibles.<\/p>\n<p><!--:--><!--:fi-->ngg_shortcode_2_placeholder<\/p>\n<p>T\u00e4m\u00e4nhetkisiss\u00e4 maalauksissani k\u00e4sittelen useampien todellisuuksien mahdollista yht\u00e4aikaisuutta.<\/p>\n<p><!--:--><\/p>","protected":false},"excerpt":{"rendered":"<p>&nbsp; In my paintings I presently work on the perception of the possibility of several simultaneous realities. &nbsp; Actuellement en peinture je travaille sur la perception de plusieurs r\u00e9alit\u00e9s simultan\u00e9es possibles. T\u00e4m\u00e4nhetkisiss\u00e4 maalauksissani k\u00e4sittelen useampien todellisuuksien mahdollista yht\u00e4aikaisuutta.<\/p>\n","protected":false},"author":1,"featured_media":0,"parent":10,"menu_order":0,"comment_status":"open","ping_status":"open","template":"","meta":{"ngg_post_thumbnail":0,"footnotes":""},"class_list":["post-13","page","type-page","status-publish","hentry"],"_links":{"self":[{"href":"http:\/\/caritasavolainen.com\/index.php?rest_route=\/wp\/v2\/pages\/13","targetHints":{"allow":["GET"]}}],"collection":[{"href":"http:\/\/caritasavolainen.com\/index.php?rest_route=\/wp\/v2\/pages"}],"about":[{"href":"http:\/\/caritasavolainen.com\/index.php?rest_route=\/wp\/v2\/types\/page"}],"author":[{"embeddable":true,"href":"http:\/\/caritasavolainen.com\/index.php?rest_route=\/wp\/v2\/users\/1"}],"replies":[{"embeddable":true,"href":"http:\/\/caritasavolainen.com\/index.php?rest_route=%2Fwp%2Fv2%2Fcomments&post=13"}],"version-history":[{"count":23,"href":"http:\/\/caritasavolainen.com\/index.php?rest_route=\/wp\/v2\/pages\/13\/revisions"}],"predecessor-version":[{"id":1123,"href":"http:\/\/caritasavolainen.com\/index.php?rest_route=\/wp\/v2\/pages\/13\/revisions\/1123"}],"up":[{"embeddable":true,"href":"http:\/\/caritasavolainen.com\/index.php?rest_route=\/wp\/v2\/pages\/10"}],"wp:attachment":[{"href":"http:\/\/caritasavolainen.com\/index.php?rest_route=%2Fwp%2Fv2%2Fmedia&parent=13"}],"curies":[{"name":"wp","href":"https:\/\/api.w.org\/{rel}","templated":true}]}}