{"id":209,"date":"2013-11-02T15:31:33","date_gmt":"2013-11-02T15:31:33","guid":{"rendered":"http:\/\/caritasavolainen.com\/?page_id=209"},"modified":"2016-01-23T17:35:20","modified_gmt":"2016-01-23T17:35:20","slug":"vesivari","status":"publish","type":"page","link":"http:\/\/caritasavolainen.com\/?page_id=209","title":{"rendered":"<!--:en-->we have already met<!--:--><!--:fr-->on s&#8217;est d\u00e9j\u00e0 vu<!--:--><!--:fi-->olemme jo tavanneet<!--:-->"},"content":{"rendered":"<p>The process-based ongoing project seeks to highlight the relationship in the first place between image and text and then between image and other forms of art such as dance, sound ..<\/p>\nngg_shortcode_0_placeholder\n<p><!--:en-->Trilingual project-based book on s\u2019est d\u00e9j\u00e0 vu \/ olemme jo tavanneet \/ we have already met<br \/>\n \u00c9dition \u00e9l\u00e9ments de langage 2013<\/p>\n<p>The process-based ongoing project seeks to highlight the relationship in the first place between image and text and then between image and other forms of art such as dance, sound ..<\/p>\n<p>Concept and images : Carita Savolainen<\/p>\n<p>Communication : Erja Harjunp\u00e4\u00e4<\/p>\n<p>The writers (Fr, Fi, En) taking part in the project are : Ren\u00e9 Pons, Mari Mantela, Per E. Fosser, Gilles Kelber, Erja Harjunp\u00e4\u00e4, Bona Mangangu, Claire Ponceau, Hannu Castr\u00e9n, Mich\u00e8le Arellano, Kristina Haataja, Bernard Teulon-Nouailles, Hanna Schaafsma, Clement Adelman and Marc Ossorguine.<\/p>\n<p>Choreography \/ performance : Mikko Hyv\u00f6nen<\/p>\n<p>Musical composition \/ sound installation : Aki Ito <\/p>\n<p><iframe loading=\"lazy\" title=\"entretien avec Carita Savolainen pour son exposition \u00e0 l&#039;atelier Neitzert - galerie MyArtGoesBoom\" width=\"500\" height=\"281\" src=\"https:\/\/www.youtube.com\/embed\/N1tkAF5OJTU?feature=oembed\" frameborder=\"0\" allow=\"accelerometer; autoplay; clipboard-write; encrypted-media; gyroscope; picture-in-picture; web-share\" referrerpolicy=\"strict-origin-when-cross-origin\" allowfullscreen><\/iframe><\/p>\n<p>&nbsp;<\/p>\n<p>Suite II<br \/>\nTo start with, the project on s\u2019est d\u00e9j\u00e0 vu \/ olemme jo tavanneet \/ we have already met is a trilingual bookproject (French, Finnish, English) planned in the form of an ongoing process, centered around twelve watercolored images, mental romantic landscapes by Carita Savolainen, and fourteen texts triggered by these images from writers of diverse backgrounds.<br \/>\n The project was conceived by Carita Savolainen and launched in the form of a letter sent to twelve writers she had met in the course of her life, along with the twelve pictures of the watercolors. They were invited by the letter to choose one of the images and freely write a personal text from what it evoked to them. As a consequence, the book gives a portrait of each participant from a similar starting point. <\/p>\n<p>The writers taking part in the project are : Ren\u00e9 Pons, Mari Mantela, Per E. Fosser, Gilles Kelber, Erja Harjunp\u00e4\u00e4, Bona Mangangu, Claire Ponceau, Hannu Castr\u00e9n, Mich\u00e8le Arellano, Kristina Haataja, Bernard Teulon-Nouailles, Hanna Schaafsma, Clement Adelman and Marc Ossorguine.<\/p>\n<p> With this project the artist seeks to highlight the relationship between image and text as well as the link between the different texts proposed, allowing one to go from one place to another, one point of time to another and from one person to another. As an ongoing project further steps are taken to carry the link to other art forms such as dance, sound ..<br \/>\nThe title on s\u2019est d\u00e9j\u00e0 vu \/ olemme jo tavanneet \/ we have already met intends to evoke a feeling familiar to everybody at one time or another, a particular moment when one can be confronted to an element never seen before, but is still persuaded to recognize.<br \/>\nThe book was published by \u00e9l\u00e9ments de langage and was presented to the public along with the images on December 7th 2013 in Brussels. It was also presented at the Institut Fran\u00e7ais of Helsinki on December 9th.<br \/>\n The following event linked to this project included a contemporary dancer\u2019s interpretation of an image and took place on the 22 of May 2014 in Brussels in the Librairie Galerie Chapitre XII. Mikko Hyv\u00f6nen developed a choreography from four images he had chosen specifically for his performance. Mikko Hyv\u00f6nen is Finnish performer and choreographer based in Brussels. Currently he&#8217;s working with Rosas \/ Anne Teresa De Keersmaeker and with his own process Organic synthetic.<br \/>\n The next event will take place in Atelier Neitzert Heraud, Lieu d\u2019Art Actuel (South of France) on Sebtember 13th and will recall the project as a whole with the participation of the writers living in the area and other people involved in it. On this occasion, contemporary composer Aki Ito will present a musical composition in the form of a sound installation. In this piece of music specifically composed for the project, she triggers the perception of sounds that either flow alongside the images or confront them. Aki Ito is a contemporary composer born in Japan and living in Paris. Her research is oriented toward sound cognition in form and space.<\/p>\n<p>&nbsp;<\/p>\n<p>&nbsp;<\/p>\n<p><!--:fi-->Trilingual project-based book on s\u2019est d\u00e9j\u00e0 vu \/ olemme jo tavanneet \/ we have already met \u00c9dition \u00e9l\u00e9ments de langage 2013 The process-based ongoing project seeks to highlight the relationship in the first place between image and text and then between image and other forms of art such as dance, sound ..<\/p>\n<p>Concept and images : Carita Savolainen<\/p>\n<p>Communication : Erja Harjunp\u00e4\u00e4<\/p>\n<p>The writers (Fr, Fi, En) taking part in the project are : Ren\u00e9 Pons, Mari Mantela, Per E. Fosser, Gilles Kelber, Erja Harjunp\u00e4\u00e4, Bona Mangangu, Claire Ponceau, Hannu Castr\u00e9n, Mich\u00e8le Arellano, Kristina Haataja, Bernard Teulon-Nouailles, Hanna Schaafsma, Clement Adelman and Marc Ossorguine. <\/p>\n<p>Choreography \/ performance : Mikko Hyv\u00f6nen<\/p>\n<p> Musical composition \/ sound installation : Aki Ito <\/p>\n<p>Kuvataiteilija Carita Savolaisen taideprojekti on s&#8217;est d\u00e9j\u00e0 vu \/ olemme jo tavanneet \/ we have already met saa muotonsa kolmikielisen\u00e4 kirjana (ranska-suomi-englanti) joulukuussa 2013. Projekti sai alkunsa, kun Savolainen l\u00e4hetti kahdentoista vesiv\u00e4rity\u00f6ns\u00e4 sarjan tuntemilleen kirjoittajille ja pyysi heit\u00e4 kirjoittamaan niist\u00e4 puhuttelevimmasta henkil\u00f6kohtaisen tekstin. N\u00e4in syntyi yhteens\u00e4 nelj\u00e4toista erilaista teksti\u00e4 taustoiltaan hyvin erilaisten kirjoittajien tekemin\u00e4. Savolainen aloitti laajan vesiv\u00e4rit\u00f6idens\u00e4 sarjan muutama vuosi sitten. Taideprojektiinsa h\u00e4n valitsi sarjastaan kaksitoista kuvaa, joista ainakin osa n\u00e4hd\u00e4\u00e4n kirjan julkistamistilaisuuden yhteyteen j\u00e4rjestett\u00e4v\u00e4ss\u00e4 n\u00e4yttelyss\u00e4. Vesiv\u00e4rit\u00f6iden aihe on maisema, jota h\u00e4n k\u00e4sittelee abstraktina mielikuvana ja johon h\u00e4n samastuu voimakkaasti eletty\u00e4\u00e4n jo vuosien ajan &#8220;kiertolaisena&#8221; Euroopassa: Suomessa, Ranskassa ja Belgiassa. Yhteisty\u00f6kumppaniksi valikoitui brysselil\u00e4inen pienkustantamo &#8220;\u00e9l\u00e9ments de langage&#8221; (<a href=\"http:\/\/www.elementsdelangage.eu\">www.elementsdelangage.eu<\/a>), jonka yhteydet projektin maihin ja kulttuureihin tekiv\u00e4t siit\u00e4 luontevan ja tervetulleen j\u00e4senen ty\u00f6ryhm\u00e4\u00e4n. Kirjoittajina projektiin osallistuivat <strong>Ren\u00e9 Pons, Mari Mantela, Per E. Fosser, Gilles Kelber, Erja Harjunp\u00e4\u00e4, Bona Mangangu, Claire Ponceau, Hannu Castr\u00e9n, Mich\u00e8le Arellano, Kristina Haataja, Bernard Teulon-Nouailles, Hanna Schaafsma, Clement Adelman ja Marc Ossorguine<\/strong>. Projektin alkaessa ei ollut varmaa, millainen siit\u00e4 tulisi. Uteliaisuus ja osallistujille annettu vapaus muokkasivat projektia matkan varrella ja toivat siihen uusia ulottuvuuksia. Kirjan julkistamisen j\u00e4lkeen projektia on tarkoitus jatkaa edelleen. Kirjan julkistamistilaisuus ja projektiin liittyv\u00e4n n\u00e4yttelyn avajaiset pidet\u00e4\u00e4n kustantamon \u00e9l\u00e9ments de langage tiloissa 7.12.2013 Brysseliss\u00e4. N\u00e4yttely on avoinna 8.-21.12. la ja su klo 15-18 sek\u00e4 sopimuksen mukaan. Kirja esittell\u00e4\u00e4n my\u00f6s Ranskan Instituutissa 9.12.2013 Helsingiss\u00e4.<\/p>\n<p><iframe loading=\"lazy\" title=\"entretien avec Carita Savolainen pour son exposition \u00e0 l&#039;atelier Neitzert - galerie MyArtGoesBoom\" width=\"500\" height=\"281\" src=\"https:\/\/www.youtube.com\/embed\/N1tkAF5OJTU?feature=oembed\" frameborder=\"0\" allow=\"accelerometer; autoplay; clipboard-write; encrypted-media; gyroscope; picture-in-picture; web-share\" referrerpolicy=\"strict-origin-when-cross-origin\" allowfullscreen><\/iframe><\/p>\n<p><!--:fr--><\/p>\n<p>2010-2015  on s\u2019est d\u00e9j\u00e0 vu \/ olemme jo tavanneet \/ we have already met <\/p>\n<p>\u00c9dition \u00e9l\u00e9ments de langage Bruxelles 2013<\/p>\n<p>est un livre-projet ouvert dans la dur\u00e9e qui cherche \u00e0 r\u00e9v\u00e9ler le lien entre l\u2019image et le texte ainsi qu\u2019entre l&#8217;image et les d\u2019autres formes d\u2019expression telles que la danse, le son ..<\/p>\n<p>Concept et images : Carita Savolainen <\/p>\n<p>Communication : Erja Harjunp\u00e4\u00e4<\/p>\n<p>Les \u00e9crivains ayant particip\u00e9 au projet(Fr, Fi, En) : Ren\u00e9 Pons, Mari Mantela, Per E. Fosser, Gilles Kelber, Erja Harjunp\u00e4\u00e4, Bona Mangangu, Claire Ponceau, Hannu Castr\u00e9n, Mich\u00e8le Arellano, Kristina Haataja, Bernard Teulon-Nouailles, Hanna Schaafsma, Clement Adelman and Marc Ossorguine.<\/p>\n<p>Chor\u00e9graphie \/ performance : Mikko Hyv\u00f6nen <\/p>\n<p>Composition musicale \/ Installation sonore : Aki Ito <\/p>\n<p><iframe loading=\"lazy\" title=\"entretien avec Carita Savolainen pour son exposition \u00e0 l&#039;atelier Neitzert - galerie MyArtGoesBoom\" width=\"500\" height=\"281\" src=\"https:\/\/www.youtube.com\/embed\/N1tkAF5OJTU?feature=oembed\" frameborder=\"0\" allow=\"accelerometer; autoplay; clipboard-write; encrypted-media; gyroscope; picture-in-picture; web-share\" referrerpolicy=\"strict-origin-when-cross-origin\" allowfullscreen><\/iframe><\/p>\n<p>on s\u2019est d\u00e9j\u00e0 vu \/ olemme jo tavanneet \/ we have already met<\/p>\n<p> Un livre sous forme de projet<\/p>\n<p> Suite II<\/p>\n<p> \u00c0 l\u2019origine, on s\u2019est d\u00e9j\u00e0 vu \/ olemme jo tavanneet \/ we have already met est un projet de livre trilingue (fran\u00e7ais, finnois, anglais) con\u00e7u en \u00e9volution ouverte , constitu\u00e9 autour de douze aquarelles , images mentales romantiques du paysage de Carita Savolainen et de quatorze textes \u00e9crits \u00e0 partir de ces images par des \u00e9crivains d\u2019origines diverses. <\/p>\n<p>Le projet a \u00e9t\u00e9 pens\u00e9 et lanc\u00e9 par Carita Savolainen sous la forme d\u2019une lettre accompagn\u00e9e des douze images adress\u00e9es aux \u00e9crivains rencontr\u00e9s au cours de sa vie. Dans la lettre elle leur proposait de choisir une des images et \u00e9crire un texte libre et personnel \u00e0 partir de celle-ci. Ainsi le livre forme un portrait de chaque participant, d\u2019un point de d\u00e9part similaire.<\/p>\n<p> Les \u00e9crivains ayant particip\u00e9 au projet sont : Ren\u00e9 Pons, Mari Mantela, Per E. Fosser, Gilles Kelber, Erja Harjunp\u00e4\u00e4, Bona Mangangu, Claire Ponceau, Hannu Castr\u00e9n, Mich\u00e8le Arellano, Kristina Haataja, Bernard Teulon-Nouailles, Hanna Schaafsma, Clement Adelman et Marc Ossorguine<\/p>\n<p> Au travers de ce projet l\u2019artiste cherche \u00e0 r\u00e9v\u00e9ler le lien entre l\u2019image et le texte ainsi qu\u2019entre les diff\u00e9rentes propositions, permettant un trajet d\u2019un lieu \u00e0 l\u2019autre, d\u2019une \u00e9poque \u00e0 l\u2019autre et d\u2019une personne \u00e0 l\u2019autre. Comme ce projet continue dans le temps, les \u00e9tapes suivantes vont le lier \u00e0 d\u2019autres formes d\u2019expression, telles que la danse, le son\u2026<\/p>\n<p> Le titre on s\u2019est d\u00e9j\u00e0 vu \/ olemme jo tavanneet \/ we have already met se veut \u00e9vocateur d\u2019un sentiment familier dans la vie de chacun, d\u2019un moment particulier pendant lequel on peut se trouver devant un \u00e9l\u00e9ment que l\u2019on n\u2019a jamais vu auparavant mais que l\u2019on est en m\u00eame temps persuad\u00e9 de reconna\u00eetre.<\/p>\n<p> Le livre, publi\u00e9 chez \u00e9l\u00e9ments de langage a \u00e9t\u00e9 pr\u00e9sent\u00e9 au public avec les images le 7 d\u00e9cembre 2013 \u00e0 Bruxelles. Il a \u00e9galement \u00e9t\u00e9 pr\u00e9sent\u00e9 \u00e0 l\u2019Institut fran\u00e7ais d\u2019Helsinki le 9 d\u00e9cembre. L\u2019\u00e9v\u00e8nement suivant li\u00e9 \u00e0 ce projet a fait appel \u00e0 l\u2019interpr\u00e9tation de l\u2019image par un danseur et chor\u00e9graphe contemporain \u00e0 la librairie-galerie Chapitre XII \u00e0 Bruxelles le 22 mai 2014.<\/p>\n<p> Mikko Hyv\u00f6nen a d\u00e9velopp\u00e9 \u00e0 cet effet \u00e0 partir de quatre images de son choix une chor\u00e9graphie sp\u00e9cifique \u00e0 sa performance. Mikko Hyv\u00f6nen est un danseur et chor\u00e9graphe finlandais install\u00e9 \u00e0 Bruxelles. Actuellement il travaille avec Rosas \/ Anne Teresa De Keersmaeker et poursuit sa recherche \u00e9volutive personnelle Organic synthetic.<\/p>\n<p>L\u2019\u00e9v\u00e8nement suivant aura lieu \u00e0 Atelier Neizert H\u00e9raud, Lieu d\u2019art actuel (34) le 13 septembre et tendra \u00e0 pr\u00e9senter l\u2019ensemble du projet en pr\u00e9sence des \u00e9crivains vivant dans la r\u00e9gion ainsi que d\u2019autres participants avec une musique compos\u00e9e sous forme d&#8217;une installation sonore d\u2019Aki Ito. Dans ce travail elle provoque la perception sonore qui, soit c\u00f4toie les images, soit se confronte \u00e0 elles, \u00e0 partir d&#8217;une composition musicale originale. Aki Ito est une compositrice d&#8217;origine japonaise r\u00e9sidant \u00e0 Paris. Ses recherches s&#8217;orientent vers la cognition sonore dans les formes et l&#8217;espace.<\/p>\n","protected":false},"excerpt":{"rendered":"<p>The process-based ongoing project seeks to highlight the relationship in the first place between image and text and then between image and other forms of art such as dance, sound .. Trilingual project-based book on s\u2019est d\u00e9j\u00e0 vu \/ olemme jo tavanneet \/ we have already met \u00c9dition \u00e9l\u00e9ments de langage 2013 The process-based ongoing [&hellip;]<\/p>\n","protected":false},"author":2,"featured_media":0,"parent":0,"menu_order":0,"comment_status":"open","ping_status":"open","template":"","meta":{"ngg_post_thumbnail":0,"footnotes":""},"class_list":["post-209","page","type-page","status-publish","hentry"],"_links":{"self":[{"href":"http:\/\/caritasavolainen.com\/index.php?rest_route=\/wp\/v2\/pages\/209","targetHints":{"allow":["GET"]}}],"collection":[{"href":"http:\/\/caritasavolainen.com\/index.php?rest_route=\/wp\/v2\/pages"}],"about":[{"href":"http:\/\/caritasavolainen.com\/index.php?rest_route=\/wp\/v2\/types\/page"}],"author":[{"embeddable":true,"href":"http:\/\/caritasavolainen.com\/index.php?rest_route=\/wp\/v2\/users\/2"}],"replies":[{"embeddable":true,"href":"http:\/\/caritasavolainen.com\/index.php?rest_route=%2Fwp%2Fv2%2Fcomments&post=209"}],"version-history":[{"count":44,"href":"http:\/\/caritasavolainen.com\/index.php?rest_route=\/wp\/v2\/pages\/209\/revisions"}],"predecessor-version":[{"id":485,"href":"http:\/\/caritasavolainen.com\/index.php?rest_route=\/wp\/v2\/pages\/209\/revisions\/485"}],"wp:attachment":[{"href":"http:\/\/caritasavolainen.com\/index.php?rest_route=%2Fwp%2Fv2%2Fmedia&parent=209"}],"curies":[{"name":"wp","href":"https:\/\/api.w.org\/{rel}","templated":true}]}}