{"id":23,"date":"2012-01-12T18:19:09","date_gmt":"2012-01-12T18:19:09","guid":{"rendered":"http:\/\/caritasavolainen.com\/?page_id=23"},"modified":"2014-11-25T18:05:15","modified_gmt":"2014-11-25T18:05:15","slug":"projects-photo","status":"publish","type":"page","link":"http:\/\/caritasavolainen.com\/?page_id=23","title":{"rendered":"<!--:en-->projects \/ installations <!--:--><!--:fr-->projets \/ installations <!--:--><!--:fi-->projektit \/ tilateokset <!--:-->"},"content":{"rendered":"<p><!--:en-->&nbsp;<\/p>\n<h3>is it like that here ? 2004<\/h3>\n<p>sound \/ video \/ space installation on the theme of exoticism Atelier Neitzert, France (34) 2 cd-tracks, 45 min. each, containing recordings of 28 people, video 12 min. loop, containing 24 hours contracted in12 minutes \/ landscape seen by the installation place&#8217;s window. Answers to the question: \u00ab\u00a0is it like you imagined ? \u00ab Thoughts and experiences of people from different origins, settled in the Saint Chinian area. Considering exoticism by definition: distance, difference, dream&#8230; The purpose of my project was to: &#8211; render the differences there were between two realities: subjective experience and concrete situation &#8211; make possible the movement between these two \u00ab\u00a0spaces\u00a0\u00bb: the reality and its projection (video) &#8211; use the concept of \u00ab\u00a0time\u00a0\u00bb as the measure of distance. The fact that unifies and separates (here \/ away). ngg_shortcode_0_placeholder<\/p>\n<h3>photo \/ projects \/ intallations<\/h3>\nngg_shortcode_1_placeholder\n<p><!--:--><!--:fr--><\/p>\n<h3>ici, c&#8217;est comme \u00e7a ? 2004<\/h3>\n<p>Installation son \/ video sur le th\u00e9me de l&#8217;exotisme Atelier Neitzert, France (34) 2 CD d&#8217;un dur\u00e9e de 45 minutes chacun contenent l&#8217;enregistrement de 28 personnes, vid\u00e9o de 12 minutes en boucle d&#8217;une dur\u00e9e de 24 heures concentr\u00e9es en 12 minutes: vue sur le paysage par la fen\u00eatre du lieu d&#8217;installation. Portraits photographiques de chaque participant. Les pens\u00e9es et les experiences vecues et racont\u00e9es par des personnes d&#8217;origines diverses, arriv\u00e9es et install\u00e9es dans la r\u00e9gion de Saint Chinian, r\u00e9pondant \u00e0 la question: est-ce qu&#8217;ici c&#8217;est comme vous aviez imagin\u00e9 ? Consid\u00e9rer l&#8217;exotisme par la definition: distance, difference, r\u00eave. Mon propos dans ce projet a \u00e9t\u00e9 d&#8217;essayer de mettre en \u00e9vidence la difference dans la conception des differentes r\u00e9alit\u00e9s: &#8211; une experience \/ vecue subjective et une situation concr\u00e8te. &#8211; rendre possible \u00ab\u00a0un espace\u00a0\u00bb entre ces deux mouvements: la r\u00e9alit\u00e9 et sa projection (video). &#8211; utiliser le concept \u00a0le temps\u00a0 en tant qu&#8217;une mesure de distance: \u00e9lement qui r\u00e9unit et s\u00e9pare (ici \/ absent). ngg_shortcode_2_placeholder<\/p>\n<h3>photo \/ projets \/ installations<\/h3>\nngg_shortcode_3_placeholder\n<p><!--:--><!--:fi--><\/p>\n<h3>t\u00e4ll\u00e4ist\u00e4k\u00f6 t\u00e4\u00e4ll\u00e4? 2004<\/h3>\n<p>\u00e4\u00e4ni\/tilainstallaatio jonka teemana Eksotiikka Atelier Neitzert, Ranska(34) 2 cd-\u00e4\u00e4nityst\u00e4, kumpikin 45min. (sis\u00e4lt\u00f6: 28-henkil\u00f6n puhetta) video-lenkki 12min. (sis\u00e4lt\u00f6: 24 tuntia kuvattuna 12:ssa minuutissa) Eri kulttuureista per\u00e4isin olevien, Saint Chinianin seudulle asettautuneiden henkil\u00f6iden kokemuksia ja ajatuksia vastauksena kysymykseen : \u00ab\u00a0onko t\u00e4\u00e4ll\u00e4 sellaista kuin olit kuvitellut ?\u00a0\u00bb M\u00e4\u00e4rityksen\u00e4 Eksotiikka sis\u00e4lt\u00e4\u00e4 k\u00e4sitteet : v\u00e4limatka, eroavuus, unelma. Projektini pyrkimyksen\u00e4 oli tuoda esiin erot eri todellisuuksien v\u00e4lill\u00e4 : &#8211; subjektiivinen kokeminen ja kokreettinen tilanne. &#8211; mahdollistaa n\u00e4iden kahden \u00ab\u00a0tilan\u00a0\u00bb v\u00e4linen liike: todellisuus ja sen projektio (video). &#8211; k\u00e4ytt\u00e4\u00e4 k\u00e4sitett\u00e4 \u00ab\u00a0aika\u00a0\u00bb v\u00e4limatkan mittana: tekij\u00e4 joka yhdist\u00e4\u00e4 ja erottaa (t\u00e4ll\u00e4 \/ poissa). ngg_shortcode_4_placeholder<\/p>\n<h3>valokuvia \/ projekteja \/ tilateoksia<\/h3>\nngg_shortcode_5_placeholder\n<p><!--:--><\/p>\n","protected":false},"excerpt":{"rendered":"<p>&nbsp; is it like that here ? 2004 sound \/ video \/ space installation on the theme of exoticism Atelier Neitzert, France (34) 2 cd-tracks, 45 min. each, containing recordings of 28 people, video 12 min. loop, containing 24 hours contracted in12 minutes \/ landscape seen by the installation place&#8217;s window. Answers to the question: [&hellip;]<\/p>\n","protected":false},"author":1,"featured_media":0,"parent":10,"menu_order":0,"comment_status":"open","ping_status":"open","template":"","meta":{"ngg_post_thumbnail":0,"footnotes":""},"class_list":["post-23","page","type-page","status-publish","hentry"],"_links":{"self":[{"href":"http:\/\/caritasavolainen.com\/index.php?rest_route=\/wp\/v2\/pages\/23","targetHints":{"allow":["GET"]}}],"collection":[{"href":"http:\/\/caritasavolainen.com\/index.php?rest_route=\/wp\/v2\/pages"}],"about":[{"href":"http:\/\/caritasavolainen.com\/index.php?rest_route=\/wp\/v2\/types\/page"}],"author":[{"embeddable":true,"href":"http:\/\/caritasavolainen.com\/index.php?rest_route=\/wp\/v2\/users\/1"}],"replies":[{"embeddable":true,"href":"http:\/\/caritasavolainen.com\/index.php?rest_route=%2Fwp%2Fv2%2Fcomments&post=23"}],"version-history":[{"count":20,"href":"http:\/\/caritasavolainen.com\/index.php?rest_route=\/wp\/v2\/pages\/23\/revisions"}],"predecessor-version":[{"id":154,"href":"http:\/\/caritasavolainen.com\/index.php?rest_route=\/wp\/v2\/pages\/23\/revisions\/154"}],"up":[{"embeddable":true,"href":"http:\/\/caritasavolainen.com\/index.php?rest_route=\/wp\/v2\/pages\/10"}],"wp:attachment":[{"href":"http:\/\/caritasavolainen.com\/index.php?rest_route=%2Fwp%2Fv2%2Fmedia&parent=23"}],"curies":[{"name":"wp","href":"https:\/\/api.w.org\/{rel}","templated":true}]}}