{"id":362,"date":"2014-12-08T12:41:54","date_gmt":"2014-12-08T12:41:54","guid":{"rendered":"http:\/\/caritasavolainen.com\/?page_id=362"},"modified":"2014-12-08T15:31:38","modified_gmt":"2014-12-08T15:31:38","slug":"garden-portrait","status":"publish","type":"page","link":"http:\/\/caritasavolainen.com\/?page_id=362","title":{"rendered":"<!--:en-->Garden Portrait <!--:--><!--:fr-->portrait du jardin <!--:--><!--:fi-->Muotokuva puutarhasta<!--:-->"},"content":{"rendered":"ngg_shortcode_0_placeholder\n<p><!--:en-->Garden Portrait<br \/>\nThe landscape described by words. Image of a landscape developed by listening.<br \/>\nSound-installation , Saint Gervais sur Mare (34), 2002, France<\/p>\n<p>Ruins of a garden  shed  , pigments,  paint, loudspeaker,   loop cd-recording  : 62 minutes recording of 36 people of various ages (6-86) speaking about what they see, what they know and what they feel about the mountain and village landscape  in front of them.<\/p>\n<p><!--:--><!--:fr-->Portrait du jardin<br \/>\nUn paysage d\u00e9fini par la parole. Image d\u2019un paysage form\u00e9e par l\u2019\u00e9coute.<br \/>\nInstallation sonore, Saint Grevais sur Mare (34), 2002, France<\/p>\n<p>Ruine d\u2019un abri de jardin, pigments, peinture ext\u00e9rieure, haut-parleur, cd  en boucle : 62 minutes d\u2019enregistrement de paroles de 36 personnes d\u2019\u00e2ges divers (6-86 ans) qui racontent ce qu\u2019il voient, ce qu\u2019ils savent et ce qu\u2019ils ressentent par rapport au paysage qui s\u2019ouvre devant eux sur la montagne et le village.<\/p>\n<p><!--:--><!--:fi--><\/p>\n<p>Muotokuva puutarhasta<br \/>\nProjektin pyrkimyksen\u00e4 oli muodostaa mielikuva kyl\u00e4ss\u00e4 sijaitsevan  vanhan hortensia-puiston ymp\u00e4rill\u00e4 avatuvasta maisemasta  ja Saint Gervaisin kyl\u00e4n el\u00e4m\u00e4st\u00e4, asukkaista ja sen historiasta toisen katseen ja kerronnan v\u00e4lityksell\u00e4.<\/p>\n<p>\u00c4\u00e4ni ja tila-installaatio Muotokuva maisemasta, Saint Gervais sur Mare (34), 2002, Ranska<br \/>\nPuutarhamajan raunio, pigmenttej\u00e4, ulkomaalia, kaksi tuolia, kova\u00e4\u00e4ninen, cd-\u00e4\u00e4nitys lenkkin\u00e4 : 62 minuuttia 36 :n eri ik\u00e4isen (6v-86v) henkil\u00f6n puhetta ja ajatuksia siit\u00e4 mit\u00e4 he n\u00e4kev\u00e4t, tiet\u00e4v\u00e4t ja kuinka kokevat edess\u00e4\u00e4n aukeavan maiseman kyl\u00e4\u00e4n ja luontoon vuorille.<\/p>\n","protected":false},"excerpt":{"rendered":"<p>Garden Portrait The landscape described by words. Image of a landscape developed by listening. Sound-installation , Saint Gervais sur Mare (34), 2002, France Ruins of a garden shed , pigments, paint, loudspeaker, loop cd-recording : 62 minutes recording of 36 people of various ages (6-86) speaking about what they see, what they know and what [&hellip;]<\/p>\n","protected":false},"author":2,"featured_media":0,"parent":10,"menu_order":0,"comment_status":"open","ping_status":"open","template":"","meta":{"ngg_post_thumbnail":0,"footnotes":""},"class_list":["post-362","page","type-page","status-publish","hentry"],"_links":{"self":[{"href":"http:\/\/caritasavolainen.com\/index.php?rest_route=\/wp\/v2\/pages\/362","targetHints":{"allow":["GET"]}}],"collection":[{"href":"http:\/\/caritasavolainen.com\/index.php?rest_route=\/wp\/v2\/pages"}],"about":[{"href":"http:\/\/caritasavolainen.com\/index.php?rest_route=\/wp\/v2\/types\/page"}],"author":[{"embeddable":true,"href":"http:\/\/caritasavolainen.com\/index.php?rest_route=\/wp\/v2\/users\/2"}],"replies":[{"embeddable":true,"href":"http:\/\/caritasavolainen.com\/index.php?rest_route=%2Fwp%2Fv2%2Fcomments&post=362"}],"version-history":[{"count":4,"href":"http:\/\/caritasavolainen.com\/index.php?rest_route=\/wp\/v2\/pages\/362\/revisions"}],"predecessor-version":[{"id":372,"href":"http:\/\/caritasavolainen.com\/index.php?rest_route=\/wp\/v2\/pages\/362\/revisions\/372"}],"up":[{"embeddable":true,"href":"http:\/\/caritasavolainen.com\/index.php?rest_route=\/wp\/v2\/pages\/10"}],"wp:attachment":[{"href":"http:\/\/caritasavolainen.com\/index.php?rest_route=%2Fwp%2Fv2%2Fmedia&parent=362"}],"curies":[{"name":"wp","href":"https:\/\/api.w.org\/{rel}","templated":true}]}}