{"id":37,"date":"2012-01-12T18:22:40","date_gmt":"2012-01-12T18:22:40","guid":{"rendered":"http:\/\/caritasavolainen.com\/?page_id=37"},"modified":"2025-05-27T15:27:15","modified_gmt":"2025-05-27T15:27:15","slug":"news","status":"publish","type":"page","link":"http:\/\/caritasavolainen.com\/?page_id=37","title":{"rendered":"<!--:en-->news<!--:--><!--:fr-->nouvelles<!--:--><!--:fi-->ajankohtaista<!--:-->"},"content":{"rendered":"\n<p style=\"font-size:1px\">### DrawingDraw #7 2023 G<\/p>\n\n\n\n<p style=\"font-size:1px\"><strong>Lieu Multiple<\/strong>, Montpellier  <\/p>\n\n\n\n<div class=\"wp-block-columns is-layout-flex wp-container-core-columns-is-layout-9d6595d7 wp-block-columns-is-layout-flex\">\n<div class=\"wp-block-column is-layout-flow wp-block-column-is-layout-flow\">\n<p><span style=\"color: #333333;\">###<\/span><\/p>\n<h3>&nbsp;<\/h3>\n<p><span style=\"color: #333333;\" data-olk-copy-source=\"MessageBody\"><strong> Escale d&#8217;un jour #5 au Belv\u00e9d\u00e8re du Rayon Vert<\/strong>, Cerb\u00e8re<\/span><\/p>\n<p><span style=\"color: #333333;\">Exposition du groupe le 14 juin 2025 de 10h \u00e0 21h, vernissage \u00e0 18h<\/span><\/p>\n<p><span style=\"color: #333333;\">Invitation par Aline Filipp<\/span><\/p>\n<p><span style=\"color: #333333;\">###<\/span><\/p>\n<p><span style=\"color: #333333;\"><strong>Galerie Rue de Paris<\/strong><\/span><\/p>\n<p><span style=\"color: #333333;\"><strong>Assignan<\/strong><\/span><\/p>\n<p><span style=\"color: #333333;\">Exhibition project<\/span><\/p>\n<p><span style=\"color: #333333;\"><strong>Les Temps <\/strong><\/span><\/p>\n<p><span style=\"color: #333333;\">30.8. &#8211; 21.9.2025<\/span><\/p>\n<p><span style=\"color: #333333;\"><strong>Marie-C\u00e9cile Conilh de Beyssac, Paola di Prima, Oddbjorg Reinton, Carita Savolainen<\/strong><\/span><\/p>\n<p><span style=\"color: #333333;\">Transformation \/ time \/ nature: The world around us.<\/span><\/p>\n<p><span style=\"color: #333333;\">###<\/span><\/p>\n<p><span style=\"color: #333333;\"><strong>Espace Broncy,<\/strong> Port la Nouvelle<\/span><\/p>\n<p><span style=\"color: #333333;\">Exposition personnelle 2026<\/span><\/p>\n<p>&nbsp;<\/p>\n<p>&nbsp;<\/p>\n\n\n\n<div class=\"wp-block-columns is-layout-flex wp-container-core-columns-is-layout-9d6595d7 wp-block-columns-is-layout-flex\">\n<div class=\"wp-block-column is-layout-flow wp-block-column-is-layout-flow\">\n<div class=\"wp-block-columns is-layout-flex wp-container-core-columns-is-layout-9d6595d7 wp-block-columns-is-layout-flex\">\n<div class=\"wp-block-column is-layout-flow wp-block-column-is-layout-flow\">\n<div class=\"wp-block-columns is-layout-flex wp-container-core-columns-is-layout-9d6595d7 wp-block-columns-is-layout-flex\"><\/div>\n<\/div>\n<\/div>\n<\/div>\n<\/div>\n<\/div>\n<\/div>\n\n\n\n<p style=\"font-size:1px\">31.8.Galleria Longa 2024, Kalasatama, Helsinki (Fin)<\/p>\n\n\n\n<p>### Galleria Longa, Kalasatama, Helsinki (Fin) 2024<\/p>\n\n\n\n<p>collective exhibition and working on site. <\/p>\n\n\n\n<p>proposition by Marjatta Oja.  <\/p>\n\n\n\n<p><\/p>\n\n\n\n<p><\/p>\n\n\n\n<p><\/p>\n\n\n\n<p><\/p>\n","protected":false},"excerpt":{"rendered":"<p>### DrawingDraw #7 2023 G Lieu Multiple, Montpellier ### &nbsp; Escale d&#8217;un jour #5 au Belv\u00e9d\u00e8re du Rayon Vert, Cerb\u00e8re Exposition du groupe le 14 juin 2025 de 10h \u00e0 21h, vernissage \u00e0 18h Invitation par Aline Filipp ### Galerie Rue de Paris Assignan Exhibition project Les Temps 30.8. &#8211; 21.9.2025 Marie-C\u00e9cile Conilh de Beyssac, [&hellip;]<\/p>\n","protected":false},"author":1,"featured_media":0,"parent":0,"menu_order":0,"comment_status":"open","ping_status":"open","template":"","meta":{"ngg_post_thumbnail":0,"footnotes":""},"class_list":["post-37","page","type-page","status-publish","hentry"],"_links":{"self":[{"href":"http:\/\/caritasavolainen.com\/index.php?rest_route=\/wp\/v2\/pages\/37","targetHints":{"allow":["GET"]}}],"collection":[{"href":"http:\/\/caritasavolainen.com\/index.php?rest_route=\/wp\/v2\/pages"}],"about":[{"href":"http:\/\/caritasavolainen.com\/index.php?rest_route=\/wp\/v2\/types\/page"}],"author":[{"embeddable":true,"href":"http:\/\/caritasavolainen.com\/index.php?rest_route=\/wp\/v2\/users\/1"}],"replies":[{"embeddable":true,"href":"http:\/\/caritasavolainen.com\/index.php?rest_route=%2Fwp%2Fv2%2Fcomments&post=37"}],"version-history":[{"count":118,"href":"http:\/\/caritasavolainen.com\/index.php?rest_route=\/wp\/v2\/pages\/37\/revisions"}],"predecessor-version":[{"id":1204,"href":"http:\/\/caritasavolainen.com\/index.php?rest_route=\/wp\/v2\/pages\/37\/revisions\/1204"}],"wp:attachment":[{"href":"http:\/\/caritasavolainen.com\/index.php?rest_route=%2Fwp%2Fv2%2Fmedia&parent=37"}],"curies":[{"name":"wp","href":"https:\/\/api.w.org\/{rel}","templated":true}]}}