{"id":532,"date":"2016-11-27T17:27:55","date_gmt":"2016-11-27T17:27:55","guid":{"rendered":"http:\/\/caritasavolainen.com\/?page_id=532"},"modified":"2018-02-27T16:54:32","modified_gmt":"2018-02-27T16:54:32","slug":"vieuws-4","status":"publish","type":"page","link":"http:\/\/caritasavolainen.com\/?page_id=532","title":{"rendered":"<!--:en-->Passing on Looks<!--:--><!--:fr-->A Travers le regard<!--:--><!--:fi-->Katseen kautta<!--:-->"},"content":{"rendered":"<p><a href=\"http:\/\/caritasavolainen.com\/wp-content\/uploads\/2016\/11\/carita-savolainen-Unknown-Woods-She-was-here-pencil-on-paper-veil-110cm-x-150cm-2017-a-Copie.jpg\"><img loading=\"lazy\" decoding=\"async\" class=\"alignnone size-full wp-image-563\" alt=\"carita savolainen, Unknown Woods (She was here), pencil on paper, veil, 110cm x 150cm, 2017 a - Copie\" src=\"http:\/\/caritasavolainen.com\/wp-content\/uploads\/2016\/11\/carita-savolainen-Unknown-Woods-She-was-here-pencil-on-paper-veil-110cm-x-150cm-2017-a-Copie.jpg\" width=\"413\" height=\"303\" srcset=\"http:\/\/caritasavolainen.com\/wp-content\/uploads\/2016\/11\/carita-savolainen-Unknown-Woods-She-was-here-pencil-on-paper-veil-110cm-x-150cm-2017-a-Copie.jpg 1024w, http:\/\/caritasavolainen.com\/wp-content\/uploads\/2016\/11\/carita-savolainen-Unknown-Woods-She-was-here-pencil-on-paper-veil-110cm-x-150cm-2017-a-Copie-300x219.jpg 300w\" sizes=\"auto, (max-width: 413px) 100vw, 413px\" \/><\/a><\/p>\n<p><!--:en--> A travers le regard \/ Katseen kautta \/ Passing on Looks (Suite III)<\/p>\n<p>Linked to the hundred years of Finland\u2019s independence <\/p>\n<p>Participants : Images and conception: Carita Savolainen <\/p>\n<p>Texts : Astrid Chaffringeon, Ali\u00e9nor Debrocq, Kristina Haataja, Maarit Verronen <\/p>\n<p>Musical performance : Anu Junnonen <\/p>\n<p>Choreographic performance : Meri Pajunp\u00e4\u00e4 <\/p>\n<p>Publication of the project-book by \u00e9l\u00e9ments de langage<\/p>\n<p>Bruxelles 2017 Ambassade de Finlande,\u00a0 Bruxelles <\/p>\n<p>The project Passing on Looks (Suite III) of Carita Savolainen has been conceived as the continuity of a concept launched in 2010. Each project aims in a particular context to link image and text, and further still other forms of expression like sound and movement to enable a variety of perceptions.<\/p>\n<p>How to allow line, color, word, memory, movement, respiration to meet in everybody\u2019s mental space? How to translate in another language form a thought, an idea, a sensation? <\/p>\n<p>This sequence (Suite (III) ) of the project, by crossing looks on two pairs of images, aims at suggesting a status report on a situation and account for the way the perception of Finland has evolved in another European culture, Belgium, and reversely on the way Finland\u2019s image of Belgium has changed. <\/p>\n<p>One pair of Finnish mental landscape images has been proposed to two different Belgian writers, Astrid Chaffringeon and Ali\u00e9nor Debrocq, and the Belgian mental landscape images to two Finnish writers, Kristina Haataja and Maarit Verronen; the two pairs of images were submitted to the composer Anu Junnonen and choreographer Meri Pajunp\u00e4\u00e4. <\/p>\n<p>They were all presenting their interpretations during the event and exhibition organized at the Embassy on November 30th. <\/p>\n<p>A trilingual project-book was published by the Brussels editor \u00e9l\u00e9ments de langage on this occasion. <\/p>\n<p>The project is supported by the Embassy of Finland and the Finnish Cultural Institute of Brussels.<\/p>\n<p><!--:-->&nbsp;<\/p>\n<p><!--:fr-->A Travers le regard Ambassade de Finlande \u00e0 Bruxelles A travers le regard \/ Katseen Kautta \/ Passing on looks (Suite III) <\/p>\n<p>Projet en lien avec les cent ans de l\u2019ind\u00e9pendance de la Finlande<br \/>\nParticipants :<br \/>\nImages et conception: Carita Savolainen<br \/>\nTextes: Astrid Chaffringeon, Ali\u00e9nor Debrocq, Kristina Haataja, Maarit Verronen<br \/>\nPerformance musicale : Anu Junnonen<br \/>\nPerformance chor\u00e9graphique: Meri Pajunp\u00e4\u00e4<br \/>\nLancement du livre-projet paru chez \u00e9l\u00e9ments de langage, Bruxelles, 2017 Vernissage et \u00e9v\u00e9nement \/ pr\u00e9sentation \/ lectures \/ performances le 30.11. 2017 \u00e0 18h Ambassade de Finlande<br \/>\nExposition du 1.12. 2017 au 5.1.2018 <\/p>\n<p>Le projet de Carita Savolainen A travers le regard est con\u00e7u dans la continuit\u00e9 d\u2019une d\u00e9marche amorc\u00e9e en 2010. Ces projets tendent chacun dans un contexte particulier \u00e0 \u00e9tablir un lien entre l\u2019image et le texte et ensuite avec d\u2019autres formes d\u2019expression comme le son, le mouvement&#8230; Comment faire se rencontrer dans l\u2019espace mental de chacun trait, couleur, mot, souvenir, mouvement, respiration&#8230; Comment traduire par une autre forme de langage une pens\u00e9e, une id\u00e9e, une sensation.<br \/>\nCette Suite (III) du projet qui porte un regard crois\u00e9 sur deux couples d\u2019images de Carita Savolainen cherche \u00e0 \u00e9voquer un \u00e9tat des lieux sur l\u2019\u00e9volution dans la perception de la Finlande en 2017 par une autre culture europ\u00e9enne, celle de la Belgique, et inversement.<br \/>\n Les \u00e9crivains Astrid Chaffringeon, Ali\u00e9nor Debrocq, Kristina Haataja, Maarit Verronen, la compositrice et musicienne Anu Junnonen et la chor\u00e9graphe et danseuse Meri Pajunp\u00e4\u00e4 pr\u00e9senteront leurs interpr\u00e9tations m\u00e9taphoriques sur la proposition lors d\u2019un \u00e9v\u00e9nement li\u00e9 \u00e0 une exposition \u00e0 l\u2019Ambassade de Finlande \u00e0 Bruxelles le 30 novembre.<br \/>\nLe lancement du livre-projet trilingue publi\u00e9 par \u00e9l\u00e9ments de langage aura lieu \u00e0 cette occasion.<br \/>\nL\u2019exposition se tiendra jusqu\u2019au 5 janvier 2018.<br \/>\nLe projet a \u00e9t\u00e9 r\u00e9alis\u00e9 avec le soutien de l\u2019Institut culturel finlandais pour le Benelux et de l\u2019Ambassade de Finlande \u00e0 Bruxelles.<\/p>\n<p><!--:-->&nbsp;<\/p>\n<p><!--:fi--><\/p>\n<p>Katseen Kautta \/ A travers le regard \/ Passing on looks (Suite III) <\/p>\n<p>Suomen satavuotista itsen\u00e4isyytt\u00e4 k\u00e4sittelev\u00e4 projekti.<br \/>\nOsallistujat :<br \/>\nKonsepti ja kuvat: Carita Savolainen<br \/>\nTekstit: Astrid Chaffringeon, Ali\u00e9nor Debrocq, Kristina Haataja, Maarit Verronen<br \/>\nS\u00e4vellys,laulu ja musiikkiesitys: Anu Junnonen<br \/>\nKoreografia ja tanssiperformanssi: Meri Pajunp\u00e4\u00e4<br \/>\nProjekti-kirjan julkaisu \u00e9l\u00e9ments de langage, Bruxelles, 2017<\/p>\n<p>Katseen Kautta \/ A travers le regard \/ Passing on looks &#8211; projekti (Suite III) on jatkoa Carita Savolaisen vuonna 2010 aloittamalle ty\u00f6prosessille, joka yhdist\u00e4\u00e4 eri yhteyksiss\u00e4 kuvaa ja toisia taiteenaloja, kuten teksti\u00e4, \u00e4\u00e4nt\u00e4, liikett\u00e4 \u2026 kuinka saada mielen tasolla kohtaamaan viiva, v\u00e4ri, sana, muisto, liike, hengitys .. kuinka tulkita eri tavoin ajatusta, oivallusta, tuntemusta.<br \/>\nKatseen kautta &#8211; projekti k\u00e4sittelee Suomi-kuvan kehityst\u00e4 vuosisata itsen\u00e4istymisen j\u00e4lkeen, sit\u00e4 kuinka suomalaiset kirjailijat ja taiteilijat katsovat kohti Euroopan keskusta, Belgiaa, ja kuinka belgialaiset hahmottavat Suomen. <\/p>\n<p>L\u00e4ht\u00f6kohtana teksteille, s\u00e4vellykselle ja koreografialle ovat toimineet kaksi Carita Savolaisen kuvaparia (maalaus ja piirustus), mielikuvia suomalaisesta ja belgialaisesta maisemasta. Kirjailijat Astrid Chaffringeon, Ali\u00e9nor Debrocq, Kristina Haataja, Maarit Verronen, s\u00e4velt\u00e4j\u00e4muusikko Anu Junnonen ja tanssijakoreografi Meri Pajunp\u00e4\u00e4 esitt\u00e4v\u00e4t metaforiset tulkintansa teoksista Brysseliss\u00e4 Suomen Suurl\u00e4hetyst\u00f6n n\u00e4yttelytilassa j\u00e4rjestett\u00e4v\u00e4ss\u00e4 tapahtumassa 30.11 2017.<br \/>\nN\u00e4yttely ja projektiin liittyv\u00e4t kuvat, tekstit ja videotallenteet ovat esill\u00e4 5.1.2018 saakka. Tapahtuman aikana julkaistaan my\u00f6s projektiin liittyv\u00e4 kolmikielinen kirja, jonka on kustantanut \u00e9l\u00e9ments de langage Brysselist\u00e4. <\/p>\n<p>Projektia ovat tukeneet Suomen Benelux-Instituutti ja Suomen Suurl\u00e4hetyst\u00f6 Brysseliss\u00e4.<\/p>\n<p><!--:--><\/p>\n","protected":false},"excerpt":{"rendered":"<p>A travers le regard \/ Katseen kautta \/ Passing on Looks (Suite III) Linked to the hundred years of Finland\u2019s independence Participants : Images and conception: Carita Savolainen Texts : Astrid Chaffringeon, Ali\u00e9nor Debrocq, Kristina Haataja, Maarit Verronen Musical performance : Anu Junnonen Choreographic performance : Meri Pajunp\u00e4\u00e4 Publication of the project-book by \u00e9l\u00e9ments de [&hellip;]<\/p>\n","protected":false},"author":2,"featured_media":0,"parent":0,"menu_order":0,"comment_status":"open","ping_status":"open","template":"","meta":{"ngg_post_thumbnail":0,"footnotes":""},"class_list":["post-532","page","type-page","status-publish","hentry"],"_links":{"self":[{"href":"http:\/\/caritasavolainen.com\/index.php?rest_route=\/wp\/v2\/pages\/532","targetHints":{"allow":["GET"]}}],"collection":[{"href":"http:\/\/caritasavolainen.com\/index.php?rest_route=\/wp\/v2\/pages"}],"about":[{"href":"http:\/\/caritasavolainen.com\/index.php?rest_route=\/wp\/v2\/types\/page"}],"author":[{"embeddable":true,"href":"http:\/\/caritasavolainen.com\/index.php?rest_route=\/wp\/v2\/users\/2"}],"replies":[{"embeddable":true,"href":"http:\/\/caritasavolainen.com\/index.php?rest_route=%2Fwp%2Fv2%2Fcomments&post=532"}],"version-history":[{"count":16,"href":"http:\/\/caritasavolainen.com\/index.php?rest_route=\/wp\/v2\/pages\/532\/revisions"}],"predecessor-version":[{"id":727,"href":"http:\/\/caritasavolainen.com\/index.php?rest_route=\/wp\/v2\/pages\/532\/revisions\/727"}],"wp:attachment":[{"href":"http:\/\/caritasavolainen.com\/index.php?rest_route=%2Fwp%2Fv2%2Fmedia&parent=532"}],"curies":[{"name":"wp","href":"https:\/\/api.w.org\/{rel}","templated":true}]}}