{"id":788,"date":"2019-04-28T13:45:04","date_gmt":"2019-04-28T13:45:04","guid":{"rendered":"http:\/\/caritasavolainen.com\/?page_id=788"},"modified":"2022-06-14T16:42:47","modified_gmt":"2022-06-14T16:42:47","slug":"landscape-is-singing","status":"publish","type":"page","link":"http:\/\/caritasavolainen.com\/?page_id=788","title":{"rendered":"Landscape is Singing \/ Salt Rain"},"content":{"rendered":"ngg_shortcode_0_placeholder\n<p><strong>Le Chant du Paysage \/Landscape is Singing<\/strong><\/p>\n<p>&nbsp;<\/p>\n<p>L\u2019essence m\u00eame de mon approche du paysage est en lien avec la conscience que tout \u00e9l\u00e9ment dans la nature est pourvu d\u2019une sensitivit\u00e9 propre \u00e0 soi, comme la science contemporaine tend \u00e0 le d\u00e9montrer. Comment rendre visible cette vibration vitale de tout \u00e9l\u00e9ment&nbsp;?<\/p>\n<p>La fronti\u00e8re entre visible et invisible forme le point de d\u00e9part de mon travail sur le paysage. Dans ce travail on retrouve la pr\u00e9sence de lieux qui sont habit\u00e9s en tant qu\u2019\u00e9l\u00e9ments d\u2019\u00eatre, d\u2019existence.<\/p>\n<p>Ces paysages trouvent leurs origines dans une distance g\u00e9ographique et temporelle. On n\u2019y voit personne, on est projet\u00e9 dans un espace animiste.<\/p>\n<p>Sa beaut\u00e9 apparente se m\u00eale \u00e0 l\u2019inqui\u00e9tude de la disparition qui devient omnipr\u00e9sente.<\/p>\n<p><strong>&nbsp;<\/strong><\/p>\n<p><strong>Salt Rain <\/strong><\/p>\n<p>&nbsp;<\/p>\n<p>Le mot fran\u00e7ais Bleu, forme masculine de la couleur bleue, d\u00e9signe une contusion, un bleu, un h\u00e9matome, une ecchymose &#8230;<\/p>\n<p>Une ecchymose est un caillot de sang sous la peau. Une ecchymose parait sur la partie du corps qui a \u00e9t\u00e9 frapp\u00e9e par quelque chose ou que quelqu\u2019un a endommag\u00e9e. Sa couleur est variable, passant du rouge\u00e2tre au jaun\u00e2tre et au bleu-noir.<\/p>\n<p>Mes \u0153uvres animistes, profond\u00e9ment ancr\u00e9es dans l&#8217;exp\u00e9rience du paysage, semblent \u00e0 premi\u00e8re vue \u00eatre esth\u00e9tiques. Mais \u00e0 travers elles, je r\u00e9fl\u00e9chis \u00e0 la douleur de la beaut\u00e9, \u00e0 la vuln\u00e9rabilit\u00e9 du paysage et \u00e0 la beaut\u00e9 de l&#8217;horreur qui lui est inflig\u00e9e.&nbsp; \u00c0 l&#8217;heure actuelle, ils v\u00e9hiculent un sentiment particulier d&#8217;effroi face \u00e0 la perte de tout ce qui est beau et vivant &#8211; mais qui meurt.<\/p>\n<p>Ma s\u00e9rie Salt Rain est comme le corps du monde.<\/p>\n<p>Il contient l&#8217;id\u00e9e de la pluie qui ne pleut pas ou de la pluie qui blesse.&nbsp; Le sel ne pleut pas, et en m\u00eame temps nous pouvons demander s&#8217;il pleut tout court.<\/p>\n<p>Le corps du paysage se couvre peu \u00e0 peu de taches, de bleus rouges, bleus, rouges-bleus, d&#8217;h\u00e9matomes.<\/p>\n<p>Nous ne les remarquons peut-\u00eatre pas au premier abord, mais peu \u00e0 peu nous les sentons et entendons leur chant de d\u00e9tresse.<\/p>\n<p>&nbsp;<\/p>\n<p>&nbsp;&nbsp;&nbsp;&nbsp;&nbsp;&nbsp;&nbsp;&nbsp;&nbsp;&nbsp;&nbsp;&nbsp;&nbsp;&nbsp;&nbsp;&nbsp;&nbsp;&nbsp;&nbsp;&nbsp;&nbsp;&nbsp;&nbsp;&nbsp;&nbsp;&nbsp;&nbsp;&nbsp;&nbsp;&nbsp;&nbsp;&nbsp;&nbsp;&nbsp;&nbsp;&nbsp;&nbsp;&nbsp;&nbsp;&nbsp;&nbsp;&nbsp;&nbsp;&nbsp;&nbsp;&nbsp;&nbsp;&nbsp;&nbsp;&nbsp;&nbsp;&nbsp;&nbsp;&nbsp;&nbsp;&nbsp;&nbsp;&nbsp;&nbsp;&nbsp;&nbsp;&nbsp;&nbsp;&nbsp;&nbsp;&nbsp;&nbsp;&nbsp;&nbsp;&nbsp;&nbsp;&nbsp;&nbsp;&nbsp;&nbsp;&nbsp;&nbsp;&nbsp;&nbsp;&nbsp;&nbsp;&nbsp;&nbsp;&nbsp;&nbsp;&nbsp;&nbsp;&nbsp;&nbsp;&nbsp;&nbsp;&nbsp;&nbsp;&nbsp;&nbsp;&nbsp;&nbsp;&nbsp;&nbsp;&nbsp;&nbsp;&nbsp;&nbsp;&nbsp;&nbsp;&nbsp;&nbsp;&nbsp;&nbsp;&nbsp;&nbsp;&nbsp;&nbsp;&nbsp;&nbsp;&nbsp;&nbsp;&nbsp;&nbsp;&nbsp;&nbsp;&nbsp;&nbsp;&nbsp;&nbsp;&nbsp;&nbsp;&nbsp;&nbsp;&nbsp;&nbsp;&nbsp;&nbsp;&nbsp;&nbsp;&nbsp;&nbsp;&nbsp;&nbsp;&nbsp;&nbsp;&nbsp;&nbsp; Carita Savolainen<\/p>\n<p>&nbsp;<\/p>\n<p>&nbsp;<\/p>\n<p>&nbsp;<\/p>\n<p>&nbsp;<\/p>\n\n\n<figure class=\"wp-block-gallery columns-1 is-cropped wp-block-gallery-1 is-layout-flex wp-block-gallery-is-layout-flex\"><ul class=\"blocks-gallery-grid\"><li class=\"blocks-gallery-item\"><figure><a href=\"http:\/\/caritasavolainen.com\/wp-content\/uploads\/2022\/06\/Carita-Saolainen-Salt-Rain-Purpura-III-watercolor-ink-walnut-stain-on-paper-28cm-x-28cm-2021-1-scaled.jpg\"><img loading=\"lazy\" decoding=\"async\" width=\"1019\" height=\"1024\" src=\"http:\/\/caritasavolainen.com\/wp-content\/uploads\/2022\/06\/Carita-Saolainen-Salt-Rain-Purpura-III-watercolor-ink-walnut-stain-on-paper-28cm-x-28cm-2021-1-1019x1024.jpg\" alt=\"\" data-id=\"1103\" data-full-url=\"http:\/\/caritasavolainen.com\/wp-content\/uploads\/2022\/06\/Carita-Saolainen-Salt-Rain-Purpura-III-watercolor-ink-walnut-stain-on-paper-28cm-x-28cm-2021-1-scaled.jpg\" data-link=\"http:\/\/caritasavolainen.com\/?attachment_id=1103\" class=\"wp-image-1103\" srcset=\"http:\/\/caritasavolainen.com\/wp-content\/uploads\/2022\/06\/Carita-Saolainen-Salt-Rain-Purpura-III-watercolor-ink-walnut-stain-on-paper-28cm-x-28cm-2021-1-1019x1024.jpg 1019w, http:\/\/caritasavolainen.com\/wp-content\/uploads\/2022\/06\/Carita-Saolainen-Salt-Rain-Purpura-III-watercolor-ink-walnut-stain-on-paper-28cm-x-28cm-2021-1-298x300.jpg 298w, http:\/\/caritasavolainen.com\/wp-content\/uploads\/2022\/06\/Carita-Saolainen-Salt-Rain-Purpura-III-watercolor-ink-walnut-stain-on-paper-28cm-x-28cm-2021-1-150x150.jpg 150w, http:\/\/caritasavolainen.com\/wp-content\/uploads\/2022\/06\/Carita-Saolainen-Salt-Rain-Purpura-III-watercolor-ink-walnut-stain-on-paper-28cm-x-28cm-2021-1-768x772.jpg 768w, http:\/\/caritasavolainen.com\/wp-content\/uploads\/2022\/06\/Carita-Saolainen-Salt-Rain-Purpura-III-watercolor-ink-walnut-stain-on-paper-28cm-x-28cm-2021-1-1528x1536.jpg 1528w, http:\/\/caritasavolainen.com\/wp-content\/uploads\/2022\/06\/Carita-Saolainen-Salt-Rain-Purpura-III-watercolor-ink-walnut-stain-on-paper-28cm-x-28cm-2021-1-2038x2048.jpg 2038w\" sizes=\"auto, (max-width: 1019px) 100vw, 1019px\" \/><\/a><\/figure><\/li><\/ul><figcaption class=\"blocks-gallery-caption\">Salt Rain\/Purpura III, watercolor, ink, nut stain, charcoal on paper 28cm x 28cm, 2022<\/figcaption><\/figure>\n","protected":false},"excerpt":{"rendered":"<p>Le Chant du Paysage \/Landscape is Singing &nbsp; L\u2019essence m\u00eame de mon approche du paysage est en lien avec la conscience que tout \u00e9l\u00e9ment dans la nature est pourvu d\u2019une sensitivit\u00e9 propre \u00e0 soi, comme la science contemporaine tend \u00e0 le d\u00e9montrer. Comment rendre visible cette vibration vitale de tout \u00e9l\u00e9ment&nbsp;? La fronti\u00e8re entre visible [&hellip;]<\/p>\n","protected":false},"author":2,"featured_media":0,"parent":0,"menu_order":0,"comment_status":"open","ping_status":"open","template":"","meta":{"ngg_post_thumbnail":0,"footnotes":""},"class_list":["post-788","page","type-page","status-publish","hentry"],"_links":{"self":[{"href":"http:\/\/caritasavolainen.com\/index.php?rest_route=\/wp\/v2\/pages\/788","targetHints":{"allow":["GET"]}}],"collection":[{"href":"http:\/\/caritasavolainen.com\/index.php?rest_route=\/wp\/v2\/pages"}],"about":[{"href":"http:\/\/caritasavolainen.com\/index.php?rest_route=\/wp\/v2\/types\/page"}],"author":[{"embeddable":true,"href":"http:\/\/caritasavolainen.com\/index.php?rest_route=\/wp\/v2\/users\/2"}],"replies":[{"embeddable":true,"href":"http:\/\/caritasavolainen.com\/index.php?rest_route=%2Fwp%2Fv2%2Fcomments&post=788"}],"version-history":[{"count":5,"href":"http:\/\/caritasavolainen.com\/index.php?rest_route=\/wp\/v2\/pages\/788\/revisions"}],"predecessor-version":[{"id":1106,"href":"http:\/\/caritasavolainen.com\/index.php?rest_route=\/wp\/v2\/pages\/788\/revisions\/1106"}],"wp:attachment":[{"href":"http:\/\/caritasavolainen.com\/index.php?rest_route=%2Fwp%2Fv2%2Fmedia&parent=788"}],"curies":[{"name":"wp","href":"https:\/\/api.w.org\/{rel}","templated":true}]}}